{"id":192,"date":"2021-04-04T16:33:48","date_gmt":"2021-04-04T14:33:48","guid":{"rendered":"https:\/\/lavandre.wpengine.com\/?post_type=product&#038;p=192"},"modified":"2021-07-08T11:07:13","modified_gmt":"2021-07-08T09:07:13","slug":"sample-collection","status":"publish","type":"product","link":"https:\/\/lavandre.com\/fr\/product\/sample-collection\/","title":{"rendered":"Sample collectie"},"content":{"rendered":"<p>Onze wegwerphanddoeken zijn gemaakt van kwalitatieve \u00e9n 100% organische plantenvezels. Bij de productie zijn geen chemicali\u00ebn zoals bleek gebruikt.<\/p>\n<p>De kwaliteit staat bekend om zijn hoge absorptievermogen, tot wel 40% meer dan een traditionele katoenen handdoek. Een zware kwaliteit die extra licht aanvoelt en niet snel scheurt. De handdoek heeft een luxe uitstraling en zijn beschikbaar in het zwart en in het wit.<\/p>\n<p>De handdoeken zijn hypoallergeen en zijn perfect voor alle huidtypes, ook voor de gevoelige huid. Deze handdoeken zijn multifunctioneel en kunnen in diverse branches benut worden. (Beauty, zorg, schoonmaak, uitvaart, etc) \u00f3f simpelweg als vervanging van de traditionele handdoek. Deze handdoeken zijn bedoeld voor \u00e9\u00e9nmalig gebruik en is daarmee 100% hygi\u00ebnisch en veilig in gebruik voor iedere klant.<\/p>","protected":false},"excerpt":{"rendered":"<p>Collectie van twee samples van diverse formaten. Op aanvraag kunt u specifieke formaten ontvangen.<\/p>","protected":false},"featured_media":218,"comment_status":"open","ping_status":"closed","template":"","meta":{"_acf_changed":false},"product_brand":[],"product_cat":[16],"product_tag":[],"class_list":{"0":"post-192","1":"product","2":"type-product","3":"status-publish","4":"has-post-thumbnail","6":"product_cat-disposable-towels","8":"first","9":"instock","10":"sold-individually","11":"taxable","12":"shipping-taxable","13":"purchasable","14":"product-type-simple"},"acf":[],"jetpack_sharing_enabled":true,"_links":{"self":[{"href":"https:\/\/lavandre.com\/fr\/wp-json\/wp\/v2\/product\/192","targetHints":{"allow":["GET"]}}],"collection":[{"href":"https:\/\/lavandre.com\/fr\/wp-json\/wp\/v2\/product"}],"about":[{"href":"https:\/\/lavandre.com\/fr\/wp-json\/wp\/v2\/types\/product"}],"replies":[{"embeddable":true,"href":"https:\/\/lavandre.com\/fr\/wp-json\/wp\/v2\/comments?post=192"}],"wp:featuredmedia":[{"embeddable":true,"href":"https:\/\/lavandre.com\/fr\/wp-json\/wp\/v2\/media\/218"}],"wp:attachment":[{"href":"https:\/\/lavandre.com\/fr\/wp-json\/wp\/v2\/media?parent=192"}],"wp:term":[{"taxonomy":"product_brand","embeddable":true,"href":"https:\/\/lavandre.com\/fr\/wp-json\/wp\/v2\/product_brand?post=192"},{"taxonomy":"product_cat","embeddable":true,"href":"https:\/\/lavandre.com\/fr\/wp-json\/wp\/v2\/product_cat?post=192"},{"taxonomy":"product_tag","embeddable":true,"href":"https:\/\/lavandre.com\/fr\/wp-json\/wp\/v2\/product_tag?post=192"}],"curies":[{"name":"wp","href":"https:\/\/api.w.org\/{rel}","templated":true}]}}