{"id":194,"date":"2021-04-04T16:33:49","date_gmt":"2021-04-04T14:33:49","guid":{"rendered":"https:\/\/lavandre.wpengine.com\/?post_type=product&#038;p=194"},"modified":"2022-03-14T22:02:56","modified_gmt":"2022-03-14T20:02:56","slug":"organic-towel","status":"publish","type":"product","link":"https:\/\/lavandre.com\/nl\/product\/organic-towel\/","title":{"rendered":"Organic Towel"},"content":{"rendered":"<p class=\"p1\">Deze Organic Handdoek &#8211; 80&#215;40 is gemaakt van kwalitatieve \u00e9n 100% organische plantenvezels. Bij de productie zijn geen chemicali\u00ebn zoals bleek gebruikt.<\/p>\n<p class=\"p1\">De kwaliteit van deze wegwerphanddoek staat bekend om zijn hoge absorptievermogen, tot wel 40% meer dan een traditionele katoenen handdoek. Een zware kwaliteit die extra licht aanvoelt en niet snel scheurt. De handdoek heeft een luxe uitstraling met een zachte wafelstructuur en zijn beschikbaar in het zwart en in het wit.<\/p>\n<p class=\"p1\">De handdoek is hypoallergeen en is perfect voor alle huidtypes, ook voor de gevoelige huid. Deze handdoek is multifunctioneel en kan in diverse branches benut worden. (Beauty, zorg, schoonmaak, uitvaart, etc) \u00f3f simpelweg als vervanging van de traditionele handdoek. De handdoek is bedoeld voor \u00e9\u00e9nmalig gebruik en is daarmee 100% hygi\u00ebnisch en veilig in gebruik voor iedere klant.<\/p>\n<h2>Tips<\/h2>\n<ul class=\"ul1\">\n<li class=\"li1\">Geschikt om opgewarmd te worden in een heater of magnetron.<\/li>\n<li class=\"li1\">Perfect als schoonmaakdoek na de behandeling<\/li>\n<\/ul>","protected":false},"excerpt":{"rendered":"<p>Wij introduceren een nieuwe manier om na te denken over haar handdoeken en hoe belangrijk het is om de huid schoon en vrij van bacteri\u00ebn te houden om de gezondheid en hygi\u00ebne van de huid te beschermen. Onze handdoek is uniek vanwege de antibacteri\u00eble, hypoallergene en eco-vriendelijke vezels, wat betekent dat je niet alleen een schone handdoek krijgt die bacteri\u00ebn bestrijdt, veilig en hygi\u00ebnisch is, en ook nog eens ongelooflijk zacht en absorberend is. Ook hoeft hij niet gewassen te worden in vergelijking met gewone katoenen handdoeken.<\/p>","protected":false},"featured_media":616,"comment_status":"open","ping_status":"closed","template":"","meta":{"_acf_changed":false},"product_brand":[],"product_cat":[16],"product_tag":[],"class_list":{"0":"post-194","1":"product","2":"type-product","3":"status-publish","4":"has-post-thumbnail","6":"product_cat-disposable-towels","8":"first","9":"instock","10":"taxable","11":"shipping-taxable","12":"purchasable","13":"product-type-variable","14":"has-default-attributes"},"acf":[],"jetpack_sharing_enabled":true,"_links":{"self":[{"href":"https:\/\/lavandre.com\/nl\/wp-json\/wp\/v2\/product\/194","targetHints":{"allow":["GET"]}}],"collection":[{"href":"https:\/\/lavandre.com\/nl\/wp-json\/wp\/v2\/product"}],"about":[{"href":"https:\/\/lavandre.com\/nl\/wp-json\/wp\/v2\/types\/product"}],"replies":[{"embeddable":true,"href":"https:\/\/lavandre.com\/nl\/wp-json\/wp\/v2\/comments?post=194"}],"wp:featuredmedia":[{"embeddable":true,"href":"https:\/\/lavandre.com\/nl\/wp-json\/wp\/v2\/media\/616"}],"wp:attachment":[{"href":"https:\/\/lavandre.com\/nl\/wp-json\/wp\/v2\/media?parent=194"}],"wp:term":[{"taxonomy":"product_brand","embeddable":true,"href":"https:\/\/lavandre.com\/nl\/wp-json\/wp\/v2\/product_brand?post=194"},{"taxonomy":"product_cat","embeddable":true,"href":"https:\/\/lavandre.com\/nl\/wp-json\/wp\/v2\/product_cat?post=194"},{"taxonomy":"product_tag","embeddable":true,"href":"https:\/\/lavandre.com\/nl\/wp-json\/wp\/v2\/product_tag?post=194"}],"curies":[{"name":"wp","href":"https:\/\/api.w.org\/{rel}","templated":true}]}}